{"id":2,"date":"2019-01-31T10:08:34","date_gmt":"2019-01-31T09:08:34","guid":{"rendered":"http:\/\/alloggio.fr\/site\/?page_id=2"},"modified":"2025-06-13T18:08:45","modified_gmt":"2025-06-13T16:08:45","slug":"bio","status":"publish","type":"page","link":"https:\/\/alloggio.fr\/site\/bio\/","title":{"rendered":"Antonin Alloggio"},"content":{"rendered":"\n<figure class=\"wp-block-image is-resized\"><img loading=\"lazy\" src=\"http:\/\/alloggio.fr\/site\/wp-content\/uploads\/2019\/01\/alloggio-carr\u00e9-vitres.png\" alt=\"\" class=\"wp-image-22\" width=\"243\" height=\"243\" srcset=\"https:\/\/alloggio.fr\/site\/wp-content\/uploads\/2019\/01\/alloggio-carr\u00e9-vitres.png 1000w, https:\/\/alloggio.fr\/site\/wp-content\/uploads\/2019\/01\/alloggio-carr\u00e9-vitres-300x300.png 300w, https:\/\/alloggio.fr\/site\/wp-content\/uploads\/2019\/01\/alloggio-carr\u00e9-vitres-768x768.png 768w\" sizes=\"(max-width: 243px) 100vw, 243px\" \/><\/figure>\n\n\n\n<p>N\u00e9 en France d\u2019un p\u00e8re exil\u00e9 argentin et d\u2019une m\u00e8re bretonne, Antonin vit et travaille aujourd\u2019hui \u00e0 Rennes. Apr\u00e8s une enfance \u00e0 la campagne dans le pays du Coglais, il se rend \u00e0 Rennes pour suivre un cursus \u00e0 l\u2019Universit\u00e9 Rennes 2. Il fait ses armes en s\u2019investissant dans des associations \u00e9tudiantes de cr\u00e9ation audiovisuelle et coordonne notamment une \u00e9mission hebdomadaire pour TV Rennes 35. En 2010, il cr\u00e9e POINT BARRE avec Jo\u00ebl Martins Da Silva. En 2011, son parcours universitaire est sanctionn\u00e9 par l\u2019obtention d\u2019un master recherche en \u00e9tudes cin\u00e9matographiques dans le cadre duquel il \u00e9crit sur la question de l\u2019interactivit\u00e9 et les relations multim\u00e9dias entre cin\u00e9ma et jeu vid\u00e9o.<\/p>\n\n\n\n<p>Depuis 2011, Antonin Alloggio est r\u00e9alisateur et d\u00e9veloppe son travail autour et \u00e0 partir du documentaire. Que ce soit dans les projets de commande ou dans les projets en collaboration, il s\u2019attache \u00e0 d\u00e9velopper une m\u00eame \u00e9criture documentaire que dans ses projets plus personnels. En 2010, il cr\u00e9\u00e9, avec Jo\u00ebl Martins Da Silva, la s\u00e9rie documentaire originale \u00ab Avec les anciens ! \u00bb, pour laquelle ils invitent les retrait\u00e9s \u00e0 tourner eux-m\u00eames leurs premiers films. Ces r\u00e9alisations empruntent une d\u00e9marche de cin\u00e9ma-direct o\u00f9 chacun est \u00e0 la fois devant et derri\u00e8re la cam\u00e9ra. En 2012, un film plus personnel, \u00ab <a rel=\"noreferrer noopener\" href=\"https:\/\/alloggio.fr\/site\/la-vereda-de-enfrente\/\" data-type=\"post\" data-id=\"32\" target=\"_blank\">La vereda de enfrente (Le trottoir d\u2019en face)<\/a> \u00bb, film de voyage et portraits crois\u00e9s d\u2019exil\u00e9s et leurs enfants entre France et Argentine, r\u00e9flexion sur l\u2019identit\u00e9. En 2013, il co-r\u00e9alise \u00ab Il \u00e9tait une foi \u00bb aupr\u00e8s des p\u00e8lerins du trobreiz. En 2014, il cr\u00e9\u00e9 un environnement vid\u00e9o gr\u00e2ce aux outils du VJing en lien avec un groupe de musiciens et de danseurs : l\u2019image comme moyen d\u2019\u00e9clairer la sc\u00e8ne de spectacle, \u00ab Cuadros de una exposici\u00f3n \u00bb de Manuel Cedr\u00f3n. Avec \u00ab <a rel=\"noreferrer noopener\" href=\"https:\/\/alloggio.fr\/site\/1968-coglais-2018\/\" data-type=\"post\" data-id=\"30\" target=\"_blank\">Coglais 1968-2015<\/a> \u00bb, il r\u00e9alise aux c\u00f4t\u00e9s des habitants un portrait de territoire \u00e0 partir d\u2019un premier film r\u00e9alis\u00e9 en pellicule 16mm en 1968. S\u2019ensuit un travail de recherche  qui conduit \u00e0 une \u00e9dition DVD des deux films. En 2017 au mus\u00e9e de Bretagne, Antonin cr\u00e9\u00e9 <a rel=\"noreferrer noopener\" href=\"https:\/\/alloggio.fr\/site\/train-trains\/\" data-type=\"post\" data-id=\"134\" target=\"_blank\">TRAIN-TRAINS<\/a>. Cette installation et webdocumentaire entame alors une itin\u00e9rance sans fin \u00e0 travers la Bretagne. Quand le Coglais a fusionn\u00e9 dans une plus grande entit\u00e9, Antonin invite les habitants de ce territoire \u00e9tendu dans <a rel=\"noreferrer noopener\" href=\"http:\/\/www.despomes.com\" target=\"_blank\">POMMES POMMES POMMES POMMES<\/a> : un film avec des pommes. En 2020, avec Jo\u00ebl Martins Da Silva, il cr\u00e9\u00e9 <a rel=\"noreferrer noopener\" href=\"http:\/\/www.videobingo.pointbarrevideo.com\" target=\"_blank\">VID\u00c9OBINGO<\/a>, un spectacle audiovisuel dont la programmation est chaque soir diff\u00e9rente puisque tir\u00e9e au sort par le public. 2021, on lui confie une valise qui contient <a href=\"https:\/\/alloggio.fr\/site\/resister\/\" data-type=\"post\" data-id=\"667\">150 cassettes pour engager un travail de transmission de m\u00e9moire<\/a>.<\/p>\n\n\n\n<p>En 2022, il \u00ab\u00a0revient \u00e0 la maison\u00a0\u00bb en int\u00e9grant l&rsquo;\u00e9quipe p\u00e9dagogique du D\u00e9partement Arts du Spectacle Cin\u00e9ma de l&rsquo;Universit\u00e9 Rennes 2.<\/p>\n\n\n\n<p>S\u2019ajoutent \u00e9galement bon nombre de films de commande et toute une s\u00e9rie de clips musicaux qui sont autant d\u2019exercices de perp\u00e9tuelle recherche. Beaucoup d&rsquo;ateliers avec des grands ou des petits, des jeunes et des vieux. Tr\u00e8s actif, il participe \u00e0 plusieurs projets en cours avec POINT BARRE et d&rsquo;autres camarades de route.<\/p>\n\n\n\n<div class=\"wp-block-file\"><a href=\"https:\/\/alloggio.fr\/site\/wp-content\/uploads\/2024\/02\/CV_Antonin-ALLOGGIO-2024.pdf\">CV_Antonin-ALLOGGIO-2024<\/a><a href=\"https:\/\/alloggio.fr\/site\/wp-content\/uploads\/2024\/02\/CV_Antonin-ALLOGGIO-2024.pdf\" class=\"wp-block-file__button\" download>T\u00e9l\u00e9charger<\/a><\/div>\n","protected":false},"excerpt":{"rendered":"<p>N\u00e9 en France d\u2019un p\u00e8re exil\u00e9 argentin et d\u2019une m\u00e8re bretonne, Antonin vit et travaille aujourd\u2019hui \u00e0 Rennes. Apr\u00e8s une enfance \u00e0 la campagne dans le pays du Coglais, il se rend \u00e0 Rennes pour suivre un cursus \u00e0 l\u2019Universit\u00e9 Rennes 2. Il fait ses armes en s\u2019investissant dans des associations \u00e9tudiantes de cr\u00e9ation audiovisuelle [&hellip;]<\/p>\n","protected":false},"author":1,"featured_media":22,"parent":0,"menu_order":0,"comment_status":"closed","ping_status":"closed","template":"","meta":[],"_links":{"self":[{"href":"https:\/\/alloggio.fr\/site\/wp-json\/wp\/v2\/pages\/2"}],"collection":[{"href":"https:\/\/alloggio.fr\/site\/wp-json\/wp\/v2\/pages"}],"about":[{"href":"https:\/\/alloggio.fr\/site\/wp-json\/wp\/v2\/types\/page"}],"author":[{"embeddable":true,"href":"https:\/\/alloggio.fr\/site\/wp-json\/wp\/v2\/users\/1"}],"replies":[{"embeddable":true,"href":"https:\/\/alloggio.fr\/site\/wp-json\/wp\/v2\/comments?post=2"}],"version-history":[{"count":10,"href":"https:\/\/alloggio.fr\/site\/wp-json\/wp\/v2\/pages\/2\/revisions"}],"predecessor-version":[{"id":2999,"href":"https:\/\/alloggio.fr\/site\/wp-json\/wp\/v2\/pages\/2\/revisions\/2999"}],"wp:featuredmedia":[{"embeddable":true,"href":"https:\/\/alloggio.fr\/site\/wp-json\/wp\/v2\/media\/22"}],"wp:attachment":[{"href":"https:\/\/alloggio.fr\/site\/wp-json\/wp\/v2\/media?parent=2"}],"curies":[{"name":"wp","href":"https:\/\/api.w.org\/{rel}","templated":true}]}}